{"id":2101,"date":"2026-01-28T07:14:55","date_gmt":"2026-01-28T07:14:55","guid":{"rendered":"https:\/\/trieu.halink.dev\/rotac\/?post_type=product&#038;p=2101"},"modified":"2026-03-20T04:50:07","modified_gmt":"2026-03-20T04:50:07","slug":"model-m110v","status":"publish","type":"product","link":"https:\/\/trieu.halink.dev\/rotac\/san-pham\/model-m110v\/","title":{"rendered":"MODEL M110V"},"content":{"rendered":"<p><img loading=\"lazy\" decoding=\"async\" class=\"aligncenter size-full wp-image-2110\" src=\"http:\/\/trieu.halink.dev\/rotac\/wp-content\/uploads\/2026\/01\/1.11.png\" alt=\"\" width=\"1030\" height=\"542\" srcset=\"https:\/\/trieu.halink.dev\/rotac\/wp-content\/uploads\/2026\/01\/1.11.png 1030w, https:\/\/trieu.halink.dev\/rotac\/wp-content\/uploads\/2026\/01\/1.11-300x158.png 300w, https:\/\/trieu.halink.dev\/rotac\/wp-content\/uploads\/2026\/01\/1.11-1024x539.png 1024w, https:\/\/trieu.halink.dev\/rotac\/wp-content\/uploads\/2026\/01\/1.11-150x79.png 150w, https:\/\/trieu.halink.dev\/rotac\/wp-content\/uploads\/2026\/01\/1.11-768x404.png 768w, https:\/\/trieu.halink.dev\/rotac\/wp-content\/uploads\/2026\/01\/1.11-600x316.png 600w\" sizes=\"auto, (max-width: 767px) 89vw, (max-width: 1000px) 54vw, (max-width: 1071px) 543px, 580px\" \/> <img loading=\"lazy\" decoding=\"async\" class=\"aligncenter size-full wp-image-2109\" src=\"http:\/\/trieu.halink.dev\/rotac\/wp-content\/uploads\/2026\/01\/1.22.png\" alt=\"\" width=\"1032\" height=\"483\" srcset=\"https:\/\/trieu.halink.dev\/rotac\/wp-content\/uploads\/2026\/01\/1.22.png 1032w, https:\/\/trieu.halink.dev\/rotac\/wp-content\/uploads\/2026\/01\/1.22-300x140.png 300w, https:\/\/trieu.halink.dev\/rotac\/wp-content\/uploads\/2026\/01\/1.22-1024x479.png 1024w, https:\/\/trieu.halink.dev\/rotac\/wp-content\/uploads\/2026\/01\/1.22-150x70.png 150w, https:\/\/trieu.halink.dev\/rotac\/wp-content\/uploads\/2026\/01\/1.22-768x359.png 768w, https:\/\/trieu.halink.dev\/rotac\/wp-content\/uploads\/2026\/01\/1.22-600x281.png 600w\" sizes=\"auto, (max-width: 767px) 89vw, (max-width: 1000px) 54vw, (max-width: 1071px) 543px, 580px\" \/> <img loading=\"lazy\" decoding=\"async\" class=\"aligncenter size-full wp-image-2108\" src=\"http:\/\/trieu.halink.dev\/rotac\/wp-content\/uploads\/2026\/01\/1.33.png\" alt=\"\" width=\"1032\" height=\"408\" srcset=\"https:\/\/trieu.halink.dev\/rotac\/wp-content\/uploads\/2026\/01\/1.33.png 1032w, https:\/\/trieu.halink.dev\/rotac\/wp-content\/uploads\/2026\/01\/1.33-300x119.png 300w, https:\/\/trieu.halink.dev\/rotac\/wp-content\/uploads\/2026\/01\/1.33-1024x405.png 1024w, https:\/\/trieu.halink.dev\/rotac\/wp-content\/uploads\/2026\/01\/1.33-150x59.png 150w, https:\/\/trieu.halink.dev\/rotac\/wp-content\/uploads\/2026\/01\/1.33-768x304.png 768w, https:\/\/trieu.halink.dev\/rotac\/wp-content\/uploads\/2026\/01\/1.33-600x237.png 600w\" sizes=\"auto, (max-width: 767px) 89vw, (max-width: 1000px) 54vw, (max-width: 1071px) 543px, 580px\" \/> <img loading=\"lazy\" decoding=\"async\" class=\"aligncenter size-full wp-image-2107\" src=\"http:\/\/trieu.halink.dev\/rotac\/wp-content\/uploads\/2026\/01\/1.44.png\" alt=\"\" width=\"1032\" height=\"703\" srcset=\"https:\/\/trieu.halink.dev\/rotac\/wp-content\/uploads\/2026\/01\/1.44.png 1032w, https:\/\/trieu.halink.dev\/rotac\/wp-content\/uploads\/2026\/01\/1.44-300x204.png 300w, https:\/\/trieu.halink.dev\/rotac\/wp-content\/uploads\/2026\/01\/1.44-1024x698.png 1024w, https:\/\/trieu.halink.dev\/rotac\/wp-content\/uploads\/2026\/01\/1.44-150x102.png 150w, https:\/\/trieu.halink.dev\/rotac\/wp-content\/uploads\/2026\/01\/1.44-768x523.png 768w, https:\/\/trieu.halink.dev\/rotac\/wp-content\/uploads\/2026\/01\/1.44-600x409.png 600w\" sizes=\"auto, (max-width: 767px) 89vw, (max-width: 1000px) 54vw, (max-width: 1071px) 543px, 580px\" \/><\/p>\n","protected":false},"excerpt":{"rendered":"<table style=\"border-collapse: collapse; width: 100%; height: 182px;\">\n<tbody>\n<tr style=\"height: 26px;\">\n<td style=\"width: 736.389px; text-align: center; height: 26px;\"><b>\u0110\u1eb6C \u0110I\u1ec2M<\/b><\/td>\n<td style=\"width: 736.389px; height: 26px; text-align: center;\"><b>TH\u00d4NG S\u1ed0 CHI TI\u1ebeT<\/b><\/td>\n<\/tr>\n<tr style=\"height: 26px;\">\n<td style=\"width: 736.389px; height: 26px;\"><strong>1. S\u1ed1 k\u00eanh( S\u1ed1 ch\u00e2n ti\u1ebfp x\u00fac) :<\/strong><\/td>\n<td style=\"width: 736.389px; height: 26px;\"><span dir=\"auto\" style=\"vertical-align: inherit;\"><span dir=\"auto\" style=\"vertical-align: inherit;\">1<\/span><\/span><\/td>\n<\/tr>\n<tr style=\"height: 26px;\">\n<td style=\"width: 736.389px; height: 26px;\"><strong>2. \u0110i\u1ec7n \u00e1p :<\/strong><\/td>\n<td style=\"width: 736.389px; height: 26px;\"><span dir=\"auto\" style=\"vertical-align: inherit;\"><span dir=\"auto\" style=\"vertical-align: inherit;\">Kh\u00f4ng \u00e1p d\u1ee5ng<\/span><\/span><\/td>\n<\/tr>\n<tr style=\"height: 26px;\">\n<td style=\"width: 736.389px; height: 26px;\"><strong><span dir=\"auto\" style=\"vertical-align: inherit;\"><span dir=\"auto\" style=\"vertical-align: inherit;\">3. AMP<\/span><\/span><\/strong><\/td>\n<td style=\"width: 736.389px; height: 26px;\"><span dir=\"auto\" style=\"vertical-align: inherit;\"><span dir=\"auto\" style=\"vertical-align: inherit;\">10A<\/span><\/span><\/td>\n<\/tr>\n<tr style=\"height: 26px;\">\n<td style=\"width: 736.389px; height: 26px;\"><strong>4. \u0110i\u1ec7n tr\u1edf<\/strong><\/td>\n<td style=\"width: 736.389px; height: 26px;\"><span dir=\"auto\" style=\"vertical-align: inherit;\"><span dir=\"auto\" style=\"vertical-align: inherit;\">&lt;1m\u03a9<\/span><\/span><\/td>\n<\/tr>\n<tr style=\"height: 26px;\">\n<td style=\"width: 736.389px; height: 26px;\"><strong>5.D\u1ea3i nhi\u1ec7t \u0111\u1ed9<\/strong><\/td>\n<td style=\"width: 736.389px; height: 26px;\"><span dir=\"auto\" style=\"vertical-align: inherit;\"><span dir=\"auto\" style=\"vertical-align: inherit;\">-29\u00b0C~60\u00b0C<\/span><\/span><\/td>\n<\/tr>\n<tr style=\"height: 26px;\">\n<td style=\"width: 736.389px; height: 26px;\"><strong>6. T\u1ed1c \u0111\u1ed9 quay:\u00a0<\/strong><\/td>\n<td style=\"width: 736.389px; height: 26px;\"><span dir=\"auto\" style=\"vertical-align: inherit;\"><span dir=\"auto\" style=\"vertical-align: inherit;\">3600<\/span><\/span><\/td>\n<\/tr>\n<tr>\n<td style=\"width: 736.389px;\"><strong>7. Xu\u1ea5t x\u1ee9:<\/strong><\/td>\n<td style=\"width: 736.389px;\"><span dir=\"auto\" style=\"vertical-align: inherit;\"><span dir=\"auto\" style=\"vertical-align: inherit;\">USA<\/span><\/span><\/td>\n<\/tr>\n<\/tbody>\n<\/table>\n","protected":false},"featured_media":2307,"comment_status":"open","ping_status":"closed","template":"","meta":[],"product_cat":[74,96],"product_tag":[],"class_list":{"0":"post-2101","1":"product","2":"type-product","3":"status-publish","4":"has-post-thumbnail","6":"product_cat-san-pham-mercotac","7":"product_cat-one-conductor","9":"first","10":"instock","11":"shipping-taxable","12":"purchasable","13":"product-type-simple"},"yoast_head":"<!-- This site is optimized with the Yoast SEO plugin v14.3 - https:\/\/yoast.com\/wordpress\/plugins\/seo\/ -->\n<title>MODEL M110V - Rotacvina - chuy\u00ean cung c\u1ea5p c\u00e1c s\u1ea3n ph\u1ea9m v\u00f2ng tr\u01b0\u1ee3t Slip Ring ch\u1ea5t l\u01b0\u1ee3ng cao<\/title>\n<meta name=\"robots\" content=\"noindex, follow\" \/>\n<meta property=\"og:locale\" content=\"vi_VN\" \/>\n<meta property=\"og:type\" content=\"article\" \/>\n<meta property=\"og:title\" content=\"MODEL M110V - Rotacvina - chuy\u00ean cung c\u1ea5p c\u00e1c s\u1ea3n ph\u1ea9m v\u00f2ng tr\u01b0\u1ee3t Slip Ring ch\u1ea5t l\u01b0\u1ee3ng cao\" \/>\n<meta property=\"og:description\" content=\"\u0110\u1eb6C \u0110I\u1ec2M TH\u00d4NG S\u1ed0 CHI TI\u1ebeT   1. S\u1ed1 k\u00eanh( S\u1ed1 ch\u00e2n ti\u1ebfp x\u00fac) : 1   2. \u0110i\u1ec7n \u00e1p : Kh\u00f4ng \u00e1p d\u1ee5ng   3. AMP 10A   4. \u0110i\u1ec7n tr\u1edf &lt;1m\u03a9   5.D\u1ea3i nhi\u1ec7t \u0111\u1ed9 -29\u00b0C~60\u00b0C   6. T\u1ed1c \u0111\u1ed9 quay:\u00a0 3600   7. Xu\u1ea5t x\u1ee9: USA\" \/>\n<meta property=\"og:url\" content=\"https:\/\/trieu.halink.dev\/rotac\/san-pham\/model-m110v\/\" \/>\n<meta property=\"og:site_name\" content=\"Rotacvina - chuy\u00ean cung c\u1ea5p c\u00e1c s\u1ea3n ph\u1ea9m v\u00f2ng tr\u01b0\u1ee3t Slip Ring ch\u1ea5t l\u01b0\u1ee3ng cao\" \/>\n<meta property=\"article:modified_time\" content=\"2026-03-20T04:50:07+00:00\" \/>\n<meta property=\"og:image\" content=\"https:\/\/trieu.halink.dev\/rotac\/wp-content\/uploads\/2026\/01\/1.jpg\" \/>\n\t<meta property=\"og:image:width\" content=\"718\" \/>\n\t<meta property=\"og:image:height\" content=\"478\" \/>\n<meta name=\"twitter:card\" content=\"summary_large_image\" \/>\n<script type=\"application\/ld+json\" class=\"yoast-schema-graph\">{\"@context\":\"https:\/\/schema.org\",\"@graph\":[{\"@type\":\"Organization\",\"@id\":\"https:\/\/trieu.halink.dev\/rotac\/#organization\",\"name\":\"Copyright \\u00a9 2025 All Rights Reserved | Made by UNIFY ROBOTICS\",\"url\":\"https:\/\/trieu.halink.dev\/rotac\/\",\"sameAs\":[],\"logo\":{\"@type\":\"ImageObject\",\"@id\":\"https:\/\/trieu.halink.dev\/rotac\/#logo\",\"inLanguage\":\"vi\",\"url\":\"\",\"caption\":\"Copyright \\u00a9 2025 All Rights Reserved | Made by UNIFY ROBOTICS\"},\"image\":{\"@id\":\"https:\/\/trieu.halink.dev\/rotac\/#logo\"}},{\"@type\":\"WebSite\",\"@id\":\"https:\/\/trieu.halink.dev\/rotac\/#website\",\"url\":\"https:\/\/trieu.halink.dev\/rotac\/\",\"name\":\"Copyright \\u00a9 2025 All Rights Reserved | Made by UNIFY ROBOTICS\",\"description\":\"\",\"publisher\":{\"@id\":\"https:\/\/trieu.halink.dev\/rotac\/#organization\"},\"potentialAction\":[{\"@type\":\"SearchAction\",\"target\":\"https:\/\/trieu.halink.dev\/rotac\/?s={search_term_string}\",\"query-input\":\"required name=search_term_string\"}],\"inLanguage\":\"vi\"},{\"@type\":\"ImageObject\",\"@id\":\"https:\/\/trieu.halink.dev\/rotac\/san-pham\/model-m110v\/#primaryimage\",\"inLanguage\":\"vi\",\"url\":\"https:\/\/trieu.halink.dev\/rotac\/wp-content\/uploads\/2026\/01\/1.jpg\",\"width\":718,\"height\":478},{\"@type\":\"WebPage\",\"@id\":\"https:\/\/trieu.halink.dev\/rotac\/san-pham\/model-m110v\/#webpage\",\"url\":\"https:\/\/trieu.halink.dev\/rotac\/san-pham\/model-m110v\/\",\"name\":\"MODEL M110V - Rotacvina - chuy\\u00ean cung c\\u1ea5p c\\u00e1c s\\u1ea3n ph\\u1ea9m v\\u00f2ng tr\\u01b0\\u1ee3t Slip Ring ch\\u1ea5t l\\u01b0\\u1ee3ng cao\",\"isPartOf\":{\"@id\":\"https:\/\/trieu.halink.dev\/rotac\/#website\"},\"primaryImageOfPage\":{\"@id\":\"https:\/\/trieu.halink.dev\/rotac\/san-pham\/model-m110v\/#primaryimage\"},\"datePublished\":\"2026-01-28T07:14:55+00:00\",\"dateModified\":\"2026-03-20T04:50:07+00:00\",\"breadcrumb\":{\"@id\":\"https:\/\/trieu.halink.dev\/rotac\/san-pham\/model-m110v\/#breadcrumb\"},\"inLanguage\":\"vi\",\"potentialAction\":[{\"@type\":\"ReadAction\",\"target\":[[\"https:\/\/trieu.halink.dev\/rotac\/san-pham\/model-m110v\/\"]]}]},{\"@type\":\"BreadcrumbList\",\"@id\":\"https:\/\/trieu.halink.dev\/rotac\/san-pham\/model-m110v\/#breadcrumb\",\"itemListElement\":[{\"@type\":\"ListItem\",\"position\":1,\"item\":{\"@type\":\"WebPage\",\"@id\":\"https:\/\/trieu.halink.dev\/rotac\/\",\"url\":\"https:\/\/trieu.halink.dev\/rotac\/\",\"name\":\"Trang ch\\u1ee7\"}},{\"@type\":\"ListItem\",\"position\":2,\"item\":{\"@type\":\"WebPage\",\"@id\":\"http:\/\/localhost\/rotac1\/san-pham\/\",\"url\":\"http:\/\/localhost\/rotac1\/san-pham\/\",\"name\":\"S\\u1ea2N PH\\u1ea8M\"}},{\"@type\":\"ListItem\",\"position\":3,\"item\":{\"@type\":\"WebPage\",\"@id\":\"https:\/\/trieu.halink.dev\/rotac\/san-pham\/model-m110v\/\",\"url\":\"https:\/\/trieu.halink.dev\/rotac\/san-pham\/model-m110v\/\",\"name\":\"MODEL M110V\"}}]}]}<\/script>\n<!-- \/ Yoast SEO plugin. -->","_links":{"self":[{"href":"https:\/\/trieu.halink.dev\/rotac\/wp-json\/wp\/v2\/product\/2101","targetHints":{"allow":["GET"]}}],"collection":[{"href":"https:\/\/trieu.halink.dev\/rotac\/wp-json\/wp\/v2\/product"}],"about":[{"href":"https:\/\/trieu.halink.dev\/rotac\/wp-json\/wp\/v2\/types\/product"}],"replies":[{"embeddable":true,"href":"https:\/\/trieu.halink.dev\/rotac\/wp-json\/wp\/v2\/comments?post=2101"}],"wp:featuredmedia":[{"embeddable":true,"href":"https:\/\/trieu.halink.dev\/rotac\/wp-json\/wp\/v2\/media\/2307"}],"wp:attachment":[{"href":"https:\/\/trieu.halink.dev\/rotac\/wp-json\/wp\/v2\/media?parent=2101"}],"wp:term":[{"taxonomy":"product_cat","embeddable":true,"href":"https:\/\/trieu.halink.dev\/rotac\/wp-json\/wp\/v2\/product_cat?post=2101"},{"taxonomy":"product_tag","embeddable":true,"href":"https:\/\/trieu.halink.dev\/rotac\/wp-json\/wp\/v2\/product_tag?post=2101"}],"curies":[{"name":"wp","href":"https:\/\/api.w.org\/{rel}","templated":true}]}}