{"id":1194,"date":"2025-08-21T02:21:16","date_gmt":"2025-08-21T02:21:16","guid":{"rendered":"https:\/\/unifyrobotics.com\/?post_type=product&#038;p=1194"},"modified":"2026-03-04T04:41:57","modified_gmt":"2026-03-04T04:41:57","slug":"srb50-series","status":"publish","type":"product","link":"https:\/\/trieu.halink.dev\/rotac\/san-pham\/srb50-series\/","title":{"rendered":"SRB50 SERIES"},"content":{"rendered":"<p><img loading=\"lazy\" decoding=\"async\" class=\"aligncenter size-full wp-image-2073\" src=\"http:\/\/trieu.halink.dev\/rotac\/wp-content\/uploads\/2025\/08\/9.1.png\" alt=\"\" width=\"1004\" height=\"314\" srcset=\"https:\/\/trieu.halink.dev\/rotac\/wp-content\/uploads\/2025\/08\/9.1.png 1004w, https:\/\/trieu.halink.dev\/rotac\/wp-content\/uploads\/2025\/08\/9.1-300x94.png 300w, https:\/\/trieu.halink.dev\/rotac\/wp-content\/uploads\/2025\/08\/9.1-150x47.png 150w, https:\/\/trieu.halink.dev\/rotac\/wp-content\/uploads\/2025\/08\/9.1-768x240.png 768w, https:\/\/trieu.halink.dev\/rotac\/wp-content\/uploads\/2025\/08\/9.1-600x188.png 600w\" sizes=\"auto, (max-width: 767px) 89vw, (max-width: 1000px) 54vw, (max-width: 1071px) 543px, 580px\" \/> <img loading=\"lazy\" decoding=\"async\" class=\"aligncenter size-full wp-image-2072\" src=\"http:\/\/trieu.halink.dev\/rotac\/wp-content\/uploads\/2025\/08\/9.2.png\" alt=\"\" width=\"1001\" height=\"622\" srcset=\"https:\/\/trieu.halink.dev\/rotac\/wp-content\/uploads\/2025\/08\/9.2.png 1001w, https:\/\/trieu.halink.dev\/rotac\/wp-content\/uploads\/2025\/08\/9.2-300x186.png 300w, https:\/\/trieu.halink.dev\/rotac\/wp-content\/uploads\/2025\/08\/9.2-150x93.png 150w, https:\/\/trieu.halink.dev\/rotac\/wp-content\/uploads\/2025\/08\/9.2-768x477.png 768w, https:\/\/trieu.halink.dev\/rotac\/wp-content\/uploads\/2025\/08\/9.2-600x373.png 600w\" sizes=\"auto, (max-width: 767px) 89vw, (max-width: 1000px) 54vw, (max-width: 1071px) 543px, 580px\" \/><\/p>\n","protected":false},"excerpt":{"rendered":"<table style=\"border-collapse: collapse; width: 100%; height: 182px;\">\n<tbody>\n<tr style=\"height: 26px;\">\n<td style=\"width: 50%; text-align: center; height: 26px;\"><b>\u0110\u1eb6C \u0110I\u1ec2M<\/b><\/td>\n<td style=\"width: 50%; height: 26px; text-align: center;\"><b>TH\u00d4NG S\u1ed0 CHI TI\u1ebeT<\/b><\/td>\n<\/tr>\n<tr style=\"height: 26px;\">\n<td style=\"width: 50%; height: 26px;\"><strong>1. S\u1ed1 k\u00eanh( S\u1ed1 ch\u00e2n ti\u1ebfp x\u00fac) :<\/strong><\/td>\n<td style=\"width: 50%; height: 26px;\">6~48<\/td>\n<\/tr>\n<tr style=\"height: 26px;\">\n<td style=\"width: 50%; height: 26px;\"><strong>2. \u0110i\u1ec7n \u00e1p :<\/strong><\/td>\n<td style=\"width: 50%; height: 26px;\">240VAC<\/td>\n<\/tr>\n<tr style=\"height: 26px;\">\n<td style=\"width: 50%; height: 26px;\"><strong>3. D\u00f2ng \u0111i\u1ec7n :\u00a0<\/strong><\/td>\n<td style=\"width: 50%; height: 26px;\">5~10A<\/td>\n<\/tr>\n<tr style=\"height: 26px;\">\n<td style=\"width: 50%; height: 26px;\"><strong>4. \u0110\u1ed9 nhi\u1ec5u \u0111i\u1ec7n:\u00a0<\/strong><\/td>\n<td style=\"width: 50%; height: 26px;\">&lt;50m\u03a9@1A;100RPM<\/td>\n<\/tr>\n<tr style=\"height: 26px;\">\n<td style=\"width: 50%; height: 26px;\"><strong>5.Ch\u1ea5t li\u1ec7u:\u00a0<\/strong><\/td>\n<td style=\"width: 50%; height: 26px;\">Precious Metal<\/td>\n<\/tr>\n<tr style=\"height: 26px;\">\n<td style=\"width: 50%; height: 26px;\"><strong>6. T\u1ed1c \u0111\u1ed9 quay:\u00a0<\/strong><\/td>\n<td style=\"width: 50%; height: 26px;\">250RPM<\/td>\n<\/tr>\n<\/tbody>\n<\/table>\n","protected":false},"featured_media":2074,"comment_status":"open","ping_status":"closed","template":"","meta":[],"product_cat":[94],"product_tag":[],"class_list":{"0":"post-1194","1":"product","2":"type-product","3":"status-publish","4":"has-post-thumbnail","6":"product_cat-san-pham-tu-che-tao","8":"first","9":"instock","10":"shipping-taxable","11":"product-type-simple"},"yoast_head":"<!-- This site is optimized with the Yoast SEO plugin v14.3 - https:\/\/yoast.com\/wordpress\/plugins\/seo\/ -->\n<title>Xe n\u00e2ng t\u1ef1 h\u00e0nh SFL-CDD14 | Phi\u00ean b\u1ea3n CE &amp; Non-CE<\/title>\n<meta name=\"description\" content=\"Kh\u00e1m ph\u00e1 Xe n\u00e2ng t\u1ef1 h\u00e0nh SFL-CDD14 | Phi\u00ean b\u1ea3n CE &amp; Non-CE robot stacker nh\u1ecf g\u1ecdn cho l\u1ed1i \u0111i h\u1eb9p, t\u1ea3i tr\u1ecdng 1400kg, pin 10h, v\u1eadn h\u00e0nh an to\u00e0n &amp; ch\u00ednh x\u00e1c\" \/>\n<meta name=\"robots\" content=\"noindex, follow\" \/>\n<meta property=\"og:locale\" content=\"vi_VN\" \/>\n<meta property=\"og:type\" content=\"article\" \/>\n<meta property=\"og:title\" content=\"Xe n\u00e2ng t\u1ef1 h\u00e0nh SFL-CDD14 | Phi\u00ean b\u1ea3n CE &amp; Non-CE\" \/>\n<meta property=\"og:description\" content=\"Kh\u00e1m ph\u00e1 Xe n\u00e2ng t\u1ef1 h\u00e0nh SFL-CDD14 | Phi\u00ean b\u1ea3n CE &amp; Non-CE robot stacker nh\u1ecf g\u1ecdn cho l\u1ed1i \u0111i h\u1eb9p, t\u1ea3i tr\u1ecdng 1400kg, pin 10h, v\u1eadn h\u00e0nh an to\u00e0n &amp; ch\u00ednh x\u00e1c\" \/>\n<meta property=\"og:url\" content=\"https:\/\/trieu.halink.dev\/rotac\/san-pham\/srb50-series\/\" \/>\n<meta property=\"og:site_name\" content=\"Rotacvina - chuy\u00ean cung c\u1ea5p c\u00e1c s\u1ea3n ph\u1ea9m v\u00f2ng tr\u01b0\u1ee3t Slip Ring ch\u1ea5t l\u01b0\u1ee3ng cao\" \/>\n<meta property=\"article:modified_time\" content=\"2026-03-04T04:41:57+00:00\" \/>\n<meta property=\"og:image\" content=\"https:\/\/trieu.halink.dev\/rotac\/wp-content\/uploads\/2025\/08\/thumb_SRB50_Series.jpg\" \/>\n\t<meta property=\"og:image:width\" content=\"610\" \/>\n\t<meta property=\"og:image:height\" content=\"610\" \/>\n<meta name=\"twitter:card\" content=\"summary_large_image\" \/>\n<script type=\"application\/ld+json\" class=\"yoast-schema-graph\">{\"@context\":\"https:\/\/schema.org\",\"@graph\":[{\"@type\":\"Organization\",\"@id\":\"https:\/\/trieu.halink.dev\/rotac\/#organization\",\"name\":\"Copyright \\u00a9 2025 All Rights Reserved | Made by UNIFY ROBOTICS\",\"url\":\"https:\/\/trieu.halink.dev\/rotac\/\",\"sameAs\":[],\"logo\":{\"@type\":\"ImageObject\",\"@id\":\"https:\/\/trieu.halink.dev\/rotac\/#logo\",\"inLanguage\":\"vi\",\"url\":\"\",\"caption\":\"Copyright \\u00a9 2025 All Rights Reserved | Made by UNIFY ROBOTICS\"},\"image\":{\"@id\":\"https:\/\/trieu.halink.dev\/rotac\/#logo\"}},{\"@type\":\"WebSite\",\"@id\":\"https:\/\/trieu.halink.dev\/rotac\/#website\",\"url\":\"https:\/\/trieu.halink.dev\/rotac\/\",\"name\":\"Copyright \\u00a9 2025 All Rights Reserved | Made by UNIFY ROBOTICS\",\"description\":\"\",\"publisher\":{\"@id\":\"https:\/\/trieu.halink.dev\/rotac\/#organization\"},\"potentialAction\":[{\"@type\":\"SearchAction\",\"target\":\"https:\/\/trieu.halink.dev\/rotac\/?s={search_term_string}\",\"query-input\":\"required name=search_term_string\"}],\"inLanguage\":\"vi\"},{\"@type\":\"ImageObject\",\"@id\":\"https:\/\/trieu.halink.dev\/rotac\/san-pham\/srb50-series\/#primaryimage\",\"inLanguage\":\"vi\",\"url\":\"https:\/\/trieu.halink.dev\/rotac\/wp-content\/uploads\/2025\/08\/thumb_SRB50_Series.jpg\",\"width\":610,\"height\":610},{\"@type\":\"WebPage\",\"@id\":\"https:\/\/trieu.halink.dev\/rotac\/san-pham\/srb50-series\/#webpage\",\"url\":\"https:\/\/trieu.halink.dev\/rotac\/san-pham\/srb50-series\/\",\"name\":\"Xe n\\u00e2ng t\\u1ef1 h\\u00e0nh SFL-CDD14 | Phi\\u00ean b\\u1ea3n CE & Non-CE\",\"isPartOf\":{\"@id\":\"https:\/\/trieu.halink.dev\/rotac\/#website\"},\"primaryImageOfPage\":{\"@id\":\"https:\/\/trieu.halink.dev\/rotac\/san-pham\/srb50-series\/#primaryimage\"},\"datePublished\":\"2025-08-21T02:21:16+00:00\",\"dateModified\":\"2026-03-04T04:41:57+00:00\",\"description\":\"Kh\\u00e1m ph\\u00e1 Xe n\\u00e2ng t\\u1ef1 h\\u00e0nh SFL-CDD14 | Phi\\u00ean b\\u1ea3n CE & Non-CE robot stacker nh\\u1ecf g\\u1ecdn cho l\\u1ed1i \\u0111i h\\u1eb9p, t\\u1ea3i tr\\u1ecdng 1400kg, pin 10h, v\\u1eadn h\\u00e0nh an to\\u00e0n & ch\\u00ednh x\\u00e1c\",\"breadcrumb\":{\"@id\":\"https:\/\/trieu.halink.dev\/rotac\/san-pham\/srb50-series\/#breadcrumb\"},\"inLanguage\":\"vi\",\"potentialAction\":[{\"@type\":\"ReadAction\",\"target\":[[\"https:\/\/trieu.halink.dev\/rotac\/san-pham\/srb50-series\/\"]]}]},{\"@type\":\"BreadcrumbList\",\"@id\":\"https:\/\/trieu.halink.dev\/rotac\/san-pham\/srb50-series\/#breadcrumb\",\"itemListElement\":[{\"@type\":\"ListItem\",\"position\":1,\"item\":{\"@type\":\"WebPage\",\"@id\":\"https:\/\/trieu.halink.dev\/rotac\/\",\"url\":\"https:\/\/trieu.halink.dev\/rotac\/\",\"name\":\"Trang ch\\u1ee7\"}},{\"@type\":\"ListItem\",\"position\":2,\"item\":{\"@type\":\"WebPage\",\"@id\":\"http:\/\/localhost\/rotac1\/san-pham\/\",\"url\":\"http:\/\/localhost\/rotac1\/san-pham\/\",\"name\":\"S\\u1ea2N PH\\u1ea8M\"}},{\"@type\":\"ListItem\",\"position\":3,\"item\":{\"@type\":\"WebPage\",\"@id\":\"https:\/\/trieu.halink.dev\/rotac\/san-pham\/srb50-series\/\",\"url\":\"https:\/\/trieu.halink.dev\/rotac\/san-pham\/srb50-series\/\",\"name\":\"SRB50 SERIES\"}}]}]}<\/script>\n<!-- \/ Yoast SEO plugin. -->","_links":{"self":[{"href":"https:\/\/trieu.halink.dev\/rotac\/wp-json\/wp\/v2\/product\/1194","targetHints":{"allow":["GET"]}}],"collection":[{"href":"https:\/\/trieu.halink.dev\/rotac\/wp-json\/wp\/v2\/product"}],"about":[{"href":"https:\/\/trieu.halink.dev\/rotac\/wp-json\/wp\/v2\/types\/product"}],"replies":[{"embeddable":true,"href":"https:\/\/trieu.halink.dev\/rotac\/wp-json\/wp\/v2\/comments?post=1194"}],"wp:featuredmedia":[{"embeddable":true,"href":"https:\/\/trieu.halink.dev\/rotac\/wp-json\/wp\/v2\/media\/2074"}],"wp:attachment":[{"href":"https:\/\/trieu.halink.dev\/rotac\/wp-json\/wp\/v2\/media?parent=1194"}],"wp:term":[{"taxonomy":"product_cat","embeddable":true,"href":"https:\/\/trieu.halink.dev\/rotac\/wp-json\/wp\/v2\/product_cat?post=1194"},{"taxonomy":"product_tag","embeddable":true,"href":"https:\/\/trieu.halink.dev\/rotac\/wp-json\/wp\/v2\/product_tag?post=1194"}],"curies":[{"name":"wp","href":"https:\/\/api.w.org\/{rel}","templated":true}]}}