{"id":221,"date":"2024-01-16T07:38:08","date_gmt":"2024-01-16T07:38:08","guid":{"rendered":"http:\/\/localhost:8080\/xaydung\/?page_id=221"},"modified":"2026-03-18T09:55:40","modified_gmt":"2026-03-18T09:55:40","slug":"gioi-thieu","status":"publish","type":"page","link":"https:\/\/trieu.halink.dev\/rotac\/gioi-thieu\/","title":{"rendered":"V\u1ec0 CH\u00daNG T\u00d4I"},"content":{"rendered":"<p><\/p>\n<div class=\"page-title category-title\">\n<div class=\"page-title category-title\">\n<h1 class=\"title-head\" style=\"text-align: left;\"><strong><a href=\"#\">V\u1ec0 CH\u00daNG T\u00d4I\u00a0<\/a><\/strong><\/h1>\n<\/div>\n<div class=\"content-page rte\">\n<table style=\"width: 100%; border-collapse: collapse; border-style: none;\">\n<tbody>\n<tr>\n<td style=\"width: 483.975px;\">\n<div class=\"content-page rte\">\n<p style=\"text-align: justify;\">Rotac Vina \u0111\u01b0\u1ee3c th\u00e0nh l\u1eadp n\u0103m 2015 l\u00e0 \u0111\u01a1n v\u1ecb chuy\u00ean cung c\u1ea5p c\u00e1c s\u1ea3n ph\u1ea9m v\u00f2ng tr\u01b0\u1ee3t Slip Ring ch\u1ea5t l\u01b0\u1ee3ng cao, \u0111\u01b0\u1ee3c ch\u1ebf t\u1ea1o t\u1eeb kim lo\u1ea1i qu\u00fd nh\u01b0 v\u00e0ng, b\u1ea1c v\u00e0 h\u1ee3p kim cao c\u1ea5p, \u0111\u1ea3m b\u1ea3o kh\u1ea3 n\u0103ng d\u1eabn \u0111i\u1ec7n v\u00e0 truy\u1ec1n t\u00edn hi\u1ec7u v\u01b0\u1ee3t tr\u1ed9i. Ch\u00fang t\u00f4i kh\u00f4ng ch\u1ec9 d\u1eebng l\u1ea1i \u1edf vi\u1ec7c cung c\u1ea5p Slip Ring ti\u00eau chu\u1ea9n, m\u00e0 c\u00f2n cung c\u1ea5p c\u00e1c gi\u1ea3i ph\u00e1p linh ho\u1ea1t, c\u00f3 th\u1ec3 t\u00f9y ch\u1ec9nh theo nhu c\u1ea7u c\u1ee7a kh\u00e1ch h\u00e0ng, ph\u00f9 h\u1ee3p v\u1edbi nhi\u1ec1u \u1ee9ng d\u1ee5ng trong c\u00e1c l\u0129nh v\u1ef1c c\u00f4ng nghi\u1ec7p t\u1ef1 \u0111\u1ed9ng h\u00f3a, thi\u1ebft b\u1ecb y t\u1ebf, n\u0103ng l\u01b0\u1ee3ng t\u00e1i t\u1ea1o, vh\u00e0ng kh\u00f4ng v\u00e0 c\u00e1c l\u0129nh v\u1ef1c kh\u00e1c, v\u1edbi s\u1ea3n ph\u1ea9m \u0111\u01b0\u1ee3c ch\u1ebf t\u1ea1o t\u1eeb v\u1eadt li\u1ec7u ch\u1ea5t l\u01b0\u1ee3ng cao, ch\u1ecbu \u0111\u01b0\u1ee3c m\u00f4i tr\u01b0\u1eddng l\u00e0m vi\u1ec7c kh\u1eafc nghi\u1ec7t, \u0111\u1ea3m b\u1ea3o hi\u1ec7u su\u1ea5t \u1ed5n \u0111\u1ecbnh v\u00e0 v\u00f2ng \u0111\u1eddi d\u00e0i. Rotac Vina cam k\u1ebft mang l\u1ea1i gi\u00e1 tr\u1ecb cao v\u1edbi chi ph\u00ed h\u1ee3p l\u00fd, gi\u00fap kh\u00e1ch h\u00e0ng t\u1ed1i \u01b0u h\u00f3a ng\u00e2n s\u00e1ch v\u00e0 t\u0103ng c\u01b0\u1eddng s\u1ee9c c\u1ea1nh tranh tr\u00ean th\u1ecb tr\u01b0\u1eddng<\/p>\n<\/div>\n<\/td>\n<td style=\"width: 436.025px;\"><img loading=\"lazy\" decoding=\"async\" class=\"wp-image-1324 size-full alignnone\" src=\"https:\/\/unifyenergy.vn\/wp-content\/uploads\/2025\/10\/Toa-Nha-UE_02_a.jpg\" alt=\"\" width=\"800\" height=\"548\" data-wp-editing=\"1\" \/><\/td>\n<\/tr>\n<\/tbody>\n<\/table>\n<\/div>\n<div class=\"content-page rte\">\n<div class=\"content-page rte\">\n<p style=\"text-align: left;\"><span style=\"font-size: 24pt;\"><strong><span dir=\"auto\">NH\u00c0 M\u00c1Y VI\u1ec6T NAM:<\/span><\/strong><\/span><\/p>\n<table style=\"width: 100%; height: 208px;\" border=\"1\" width=\"100%\" cellspacing=\"0\">\n<colgroup width=\"224\"><\/colgroup>\n<colgroup width=\"595\"><\/colgroup>\n<tbody>\n<tr style=\"height: 26px;\">\n<td style=\"width: 32.9335%; height: 26px; text-align: left;\" valign=\"middle\" bgcolor=\"#FFFFFF\"><strong><span dir=\"auto\" style=\"color: #000;\"><span dir=\"auto\"><span dir=\"auto\"><span dir=\"auto\">T\u00caN C\u00d4NG TY<\/span><\/span><\/span><\/span><\/strong><\/td>\n<td style=\"width: 67.0012%; height: 26px; text-align: left;\" valign=\"middle\" bgcolor=\"#FFFFFF\"><span dir=\"auto\"><span dir=\"auto\"><span dir=\"auto\"><span dir=\"auto\">: C\u00d4NG TY TNHH ROTAC VINA<\/span><\/span><\/span><\/span><\/td>\n<\/tr>\n<tr>\n<td style=\"width: 32.9335%; text-align: left;\"><strong>M\u00c3 S\u1ed0 THU\u1ebe<span dir=\"auto\" style=\"color: #000;\"><span dir=\"auto\"><span dir=\"auto\"><span dir=\"auto\"><br \/>\n<\/span><\/span><\/span><\/span><\/strong><\/td>\n<td style=\"width: 67.0012%; text-align: left;\"><span dir=\"auto\"><span dir=\"auto\"><span dir=\"auto\"><span dir=\"auto\">: 2300887019<\/span><\/span><\/span><\/span><\/td>\n<\/tr>\n<tr style=\"height: 26px;\">\n<td style=\"width: 32.9335%; height: 26px; text-align: left;\" valign=\"middle\" bgcolor=\"#FFFFFF\"><strong><span dir=\"auto\" style=\"color: #000;\"><span dir=\"auto\"><span dir=\"auto\"><span dir=\"auto\">GI\u00c1M \u0110\u1ed0C \u0110\u1ea0I DI\u1ec6N<\/span><\/span><\/span><\/span><\/strong><\/td>\n<td style=\"width: 67.0012%; height: 26px; text-align: left;\" valign=\"middle\" bgcolor=\"#FFFFFF\"><span dir=\"auto\"><span dir=\"auto\"><span dir=\"auto\"><span dir=\"auto\">: SON JUNG TAE<\/span><\/span><\/span><\/span><\/td>\n<\/tr>\n<tr style=\"height: 26px;\">\n<td style=\"width: 32.9335%; height: 26px; text-align: left;\" valign=\"middle\" bgcolor=\"#FFFFFF\"><strong><span dir=\"auto\" style=\"color: #000;\"><span dir=\"auto\"><span dir=\"auto\"><span dir=\"auto\">NG\u00c0Y TH\u00c0NH L\u1eacP<\/span><\/span><\/span><\/span><\/strong><\/td>\n<td style=\"width: 67.0012%; height: 26px; text-align: left;\" valign=\"middle\" bgcolor=\"#FFFFFF\"><span dir=\"auto\"><span dir=\"auto\"><span dir=\"auto\"><span dir=\"auto\">: 23\/04\/2015<\/span><\/span><\/span><\/span><\/td>\n<\/tr>\n<tr style=\"height: 26px;\">\n<td style=\"width: 32.9335%; height: 26px; text-align: left;\" valign=\"middle\" bgcolor=\"#FFFFFF\"><strong><span dir=\"auto\" style=\"color: #000;\"><span dir=\"auto\"><span dir=\"auto\"><span dir=\"auto\">\u0110\u1ecaA CH\u1ec8<\/span><\/span><\/span><\/span><\/strong><\/td>\n<td style=\"width: 67.0012%; height: 26px; text-align: left;\" valign=\"middle\" bgcolor=\"#FFFFFF\"><span dir=\"auto\"><span dir=\"auto\"><span dir=\"auto\"><span dir=\"auto\">\u00a0: L\u00f4 V2, Khu c\u00f4ng nghi\u1ec7p Thu\u1eadn Th\u00e0nh 3, Ph\u01b0\u1eddng Tr\u00ed Qu\u1ea3, T\u1ec9nh B\u1eafc Ninh, Vi\u1ec7t Nam<\/span><\/span><\/span><\/span><\/td>\n<\/tr>\n<tr style=\"height: 26px;\">\n<td style=\"width: 32.9335%; height: 26px; text-align: left;\" valign=\"middle\" bgcolor=\"#FFFFFF\"><strong><span dir=\"auto\" style=\"color: #000;\"><span dir=\"auto\"><span dir=\"auto\"><span dir=\"auto\">TRANG WEB<\/span><\/span><\/span><\/span><\/strong><\/td>\n<td style=\"width: 67.0012%; height: 26px; text-align: left;\" valign=\"middle\" bgcolor=\"#FFFFFF\"><u><a><span dir=\"auto\"><span dir=\"auto\"><span dir=\"auto\"><span dir=\"auto\">: www.slipring.com.vn<\/span><\/span><\/span><\/span><\/a><span dir=\"auto\"><span dir=\"auto\"><span dir=\"auto\"><span dir=\"auto\">\u00a0\/\u00a0\u00a0<\/span><\/span><\/span><\/span><a href=\"https:\/\/slipring.vn\/\"><span dir=\"auto\"><span dir=\"auto\"><span dir=\"auto\"><span dir=\"auto\">www.slipring.vn<\/span><\/span><\/span><\/span><\/a><\/u><\/td>\n<\/tr>\n<tr style=\"height: 26px;\">\n<td style=\"width: 32.9335%; height: 26px; text-align: left;\" valign=\"middle\" bgcolor=\"#FFFFFF\"><strong><span dir=\"auto\" style=\"color: #000;\"><span dir=\"auto\"><span dir=\"auto\"><span dir=\"auto\">\u0110I\u1ec6N THO\u1ea0I<\/span><\/span><\/span><\/span><\/strong><\/td>\n<td style=\"width: 67.0012%; height: 26px; text-align: left;\" valign=\"middle\" bgcolor=\"#FFFFFF\"><span dir=\"auto\"><span dir=\"auto\"><span dir=\"auto\"><span dir=\"auto\">: 84-222-3798-553<\/span><\/span><\/span><\/span><\/td>\n<\/tr>\n<tr style=\"height: 26px;\">\n<td style=\"width: 32.9335%; height: 26px; text-align: left;\" valign=\"middle\" bgcolor=\"#FFFFFF\"><strong><span dir=\"auto\" style=\"color: #000;\"><span dir=\"auto\"><span dir=\"auto\"><span dir=\"auto\">FAX<\/span><\/span><\/span><\/span><\/strong><\/td>\n<td style=\"width: 67.0012%; height: 26px; text-align: left;\" valign=\"middle\" bgcolor=\"#FFFFFF\"><span dir=\"auto\"><span dir=\"auto\"><span dir=\"auto\"><span dir=\"auto\">: 84-222-3798-552<\/span><\/span><\/span><\/span><\/td>\n<\/tr>\n<tr style=\"height: 26px;\">\n<td style=\"width: 32.9335%; height: 26px; text-align: left;\" valign=\"middle\" bgcolor=\"#FFFFFF\"><strong><span dir=\"auto\" style=\"color: #000;\"><span dir=\"auto\"><span dir=\"auto\"><span dir=\"auto\">E-mail<\/span><\/span><\/span><\/span><\/strong><\/td>\n<td style=\"width: 67.0012%; height: 26px; text-align: left;\" valign=\"middle\" bgcolor=\"#FFFFFF\"><span dir=\"auto\"><span dir=\"auto\"><span dir=\"auto\"><span dir=\"auto\"><span id=\"cloak11497\"><a href=\"mailto:sales@slipring.com.vn\">: sales@slipring.com.vn<\/a><\/span><\/span><\/span><\/span><\/span><\/td>\n<\/tr>\n<\/tbody>\n<\/table>\n<\/div>\n<p style=\"text-align: left;\"><strong><span style=\"font-size: 24pt;\"><span style=\"color: #000000;\"><span dir=\"auto\">TR\u1ee4 S\u1ede CH\u00cdNH:<\/span><\/span><\/span><\/strong><\/p>\n<table style=\"width: 100%; height: 207px;\" border=\"1\" width=\"100%\" cellspacing=\"0\">\n<tbody>\n<tr style=\"height: 26px;\">\n<td style=\"width: 32.8681%; height: 26px; text-align: left;\" valign=\"middle\" bgcolor=\"#FFFFFF\" height=\"23\"><strong><span dir=\"auto\" style=\"color: #000;\"><span dir=\"auto\"><span dir=\"auto\"><span dir=\"auto\">T\u00caN C\u00d4NG TY<\/span><\/span><\/span><\/span><\/strong><\/td>\n<td style=\"width: 67.0665%; height: 26px; text-align: left;\" valign=\"middle\" bgcolor=\"#FFFFFF\"><span dir=\"auto\"><span dir=\"auto\"><span dir=\"auto\"><span dir=\"auto\">: C\u00d4NG TY TNHH ROTAC<\/span><\/span><\/span><\/span><\/td>\n<\/tr>\n<tr style=\"height: 27px;\">\n<td style=\"width: 32.8681%; height: 27px; text-align: left;\" valign=\"middle\" bgcolor=\"#FFFFFF\" height=\"41\"><strong><span dir=\"auto\" style=\"color: #000;\"><span dir=\"auto\"><span dir=\"auto\"><span dir=\"auto\">GI\u00c1M \u0110\u1ed0C \u0110\u1ea0I DI\u1ec6N<\/span><\/span><\/span><\/span><\/strong><\/td>\n<td style=\"width: 67.0665%; height: 27px; text-align: left;\" valign=\"middle\" bgcolor=\"#FFFFFF\"><span dir=\"auto\"><span dir=\"auto\"><span dir=\"auto\"><span dir=\"auto\">: SON JUNG TAE<\/span><\/span><\/span><\/span><\/td>\n<\/tr>\n<tr style=\"height: 26px;\">\n<td style=\"width: 32.8681%; height: 26px; text-align: left;\" valign=\"middle\" bgcolor=\"#FFFFFF\" height=\"23\"><strong><span dir=\"auto\" style=\"color: #000;\"><span dir=\"auto\"><span dir=\"auto\"><span dir=\"auto\">NG\u00c0Y TH\u00c0NH L\u1eacP<\/span><\/span><\/span><\/span><\/strong><\/td>\n<td style=\"width: 67.0665%; height: 26px; text-align: left;\" valign=\"middle\" bgcolor=\"#FFFFFF\"><span dir=\"auto\"><span dir=\"auto\"><span dir=\"auto\"><span dir=\"auto\">: 24\/8\/2001<\/span><\/span><\/span><\/span><\/td>\n<\/tr>\n<tr style=\"height: 24px;\">\n<td style=\"width: 32.8681%; height: 24px; text-align: left;\" valign=\"middle\" bgcolor=\"#FFFFFF\" height=\"46\"><strong><span dir=\"auto\" style=\"color: #000;\"><span dir=\"auto\"><span dir=\"auto\"><span dir=\"auto\">\u0110\u1ecaA CH\u1ec8<\/span><\/span><\/span><\/span><\/strong><\/td>\n<td style=\"width: 67.0665%; height: 24px; text-align: left;\" valign=\"middle\" bgcolor=\"#FFFFFF\"><span dir=\"auto\"><span dir=\"auto\"><span dir=\"auto\"><span dir=\"auto\">: #34, Ballyongsandan-ro, Jangan-eup, Gijang-gun, Busan, ROKorea<\/span><\/span><\/span><\/span><\/td>\n<\/tr>\n<tr style=\"height: 26px;\">\n<td style=\"width: 32.8681%; height: 26px; text-align: left;\" valign=\"middle\" bgcolor=\"#FFFFFF\" height=\"23\"><strong><span dir=\"auto\" style=\"color: #000;\"><span dir=\"auto\"><span dir=\"auto\"><span dir=\"auto\">TRANG WEB<\/span><\/span><\/span><\/span><\/strong><\/td>\n<td style=\"width: 67.0665%; height: 26px; text-align: left;\" valign=\"middle\" bgcolor=\"#FFFFFF\"><u><a href=\"http:\/\/www.slipring.co.kr\/\"><span dir=\"auto\"><span dir=\"auto\"><span dir=\"auto\"><span dir=\"auto\">: www.slipring.co.kr<\/span><\/span><\/span><\/span><\/a><\/u><\/td>\n<\/tr>\n<tr style=\"height: 26px;\">\n<td style=\"width: 32.8681%; height: 26px; text-align: left;\" valign=\"middle\" bgcolor=\"#FFFFFF\" height=\"23\"><strong><span dir=\"auto\" style=\"color: #000;\"><span dir=\"auto\"><span dir=\"auto\"><span dir=\"auto\">\u0110I\u1ec6N THO\u1ea0I<\/span><\/span><\/span><\/span><\/strong><\/td>\n<td style=\"width: 67.0665%; height: 26px; text-align: left;\" valign=\"middle\" bgcolor=\"#FFFFFF\"><span dir=\"auto\"><span dir=\"auto\"><span dir=\"auto\"><span dir=\"auto\">: 051-527-5001, 02-1644-4648<\/span><\/span><\/span><\/span><\/td>\n<\/tr>\n<tr style=\"height: 26px;\">\n<td style=\"width: 32.8681%; height: 26px; text-align: left;\" valign=\"middle\" bgcolor=\"#FFFFFF\" height=\"23\"><strong><span dir=\"auto\" style=\"color: #000;\"><span dir=\"auto\"><span dir=\"auto\"><span dir=\"auto\">FAX<\/span><\/span><\/span><\/span><\/strong><\/td>\n<td style=\"width: 67.0665%; height: 26px; text-align: left;\" valign=\"middle\" bgcolor=\"#FFFFFF\"><span dir=\"auto\"><span dir=\"auto\"><span dir=\"auto\"><span dir=\"auto\">: 051-527-4001<\/span><\/span><\/span><\/span><\/td>\n<\/tr>\n<tr style=\"height: 26px;\">\n<td style=\"width: 32.8681%; height: 26px; text-align: left;\" valign=\"middle\" bgcolor=\"#FFFFFF\" height=\"23\"><strong><span dir=\"auto\" style=\"color: #000;\"><span dir=\"auto\"><span dir=\"auto\"><span dir=\"auto\">E-mail<\/span><\/span><\/span><\/span><\/strong><\/td>\n<td style=\"width: 67.0665%; height: 26px; text-align: left;\" valign=\"middle\" bgcolor=\"#FFFFFF\"><span dir=\"auto\"><span dir=\"auto\"><span dir=\"auto\"><span dir=\"auto\"><span id=\"cloak33783\"><a href=\"mailto:sales@slipring.co.kr\">: sales@slipring.co.kr<\/a><\/span><\/span><\/span><\/span><\/span><\/td>\n<\/tr>\n<\/tbody>\n<\/table>\n<p style=\"text-align: left;\"><span style=\"font-size: 24pt;\"><strong>L\u1ecaCH S\u1eec H\u00ccNH TH\u00c0NH:<\/strong><\/span><\/p>\n<p><img loading=\"lazy\" decoding=\"async\" class=\"aligncenter size-full wp-image-2495\" src=\"http:\/\/trieu.halink.dev\/rotac\/wp-content\/uploads\/2026\/03\/HISTORY-1.png\" alt=\"\" width=\"1536\" height=\"1024\" srcset=\"https:\/\/trieu.halink.dev\/rotac\/wp-content\/uploads\/2026\/03\/HISTORY-1.png 1536w, https:\/\/trieu.halink.dev\/rotac\/wp-content\/uploads\/2026\/03\/HISTORY-1-300x200.png 300w, https:\/\/trieu.halink.dev\/rotac\/wp-content\/uploads\/2026\/03\/HISTORY-1-1024x683.png 1024w, https:\/\/trieu.halink.dev\/rotac\/wp-content\/uploads\/2026\/03\/HISTORY-1-150x100.png 150w, https:\/\/trieu.halink.dev\/rotac\/wp-content\/uploads\/2026\/03\/HISTORY-1-768x512.png 768w, https:\/\/trieu.halink.dev\/rotac\/wp-content\/uploads\/2026\/03\/HISTORY-1-600x400.png 600w\" sizes=\"auto, (max-width: 767px) 89vw, (max-width: 1000px) 54vw, (max-width: 1071px) 543px, 580px\" \/><\/p>\n<p>&nbsp;<\/p>\n<\/div>\n<\/div>\n<p><\/p>","protected":false},"excerpt":{"rendered":"<p>V\u1ec0 CH\u00daNG T\u00d4I\u00a0 Rotac Vina \u0111\u01b0\u1ee3c th\u00e0nh l\u1eadp n\u0103m 2015 l\u00e0 \u0111\u01a1n v\u1ecb chuy\u00ean cung c\u1ea5p c\u00e1c &hellip; <\/p>\n<p class=\"link-more\"><a href=\"https:\/\/trieu.halink.dev\/rotac\/gioi-thieu\/\" class=\"more-link\">Continue reading<span class=\"screen-reader-text\"> &#8220;V\u1ec0 CH\u00daNG T\u00d4I&#8221;<\/span><\/a><\/p>\n","protected":false},"author":1,"featured_media":0,"parent":0,"menu_order":0,"comment_status":"closed","ping_status":"closed","template":"","meta":{"footnotes":""},"class_list":["post-221","page","type-page","status-publish","hentry"],"yoast_head":"<!-- This site is optimized with the Yoast SEO plugin v14.3 - https:\/\/yoast.com\/wordpress\/plugins\/seo\/ -->\n<title>V\u1ec0 CH\u00daNG T\u00d4I - Rotacvina - chuy\u00ean cung c\u1ea5p c\u00e1c s\u1ea3n ph\u1ea9m v\u00f2ng tr\u01b0\u1ee3t Slip Ring ch\u1ea5t l\u01b0\u1ee3ng cao<\/title>\n<meta name=\"description\" content=\"UnifyRobotics is a technology company aiming to deliver the latest robotics solutions to meet the practical needs of industrial factories, replacing humans in dangerous tasks through advanced robots. Our products range from robotic arms, industrial delivery and cleaning robots to industrial inspection robots. We value innovation and strive to create smart, reliable, and cost-effective solutions that enhance productivity and safety. By integrating cutting-edge technologies such as AI, computer vision, and autonomous navigation, we help businesses streamline operations and reduce risk. At UnifyRobotics, we are committed to building a safer, more efficient future through\" \/>\n<meta name=\"robots\" content=\"noindex, follow\" \/>\n<meta property=\"og:locale\" content=\"vi_VN\" \/>\n<meta property=\"og:type\" content=\"article\" \/>\n<meta property=\"og:title\" content=\"V\u1ec0 CH\u00daNG T\u00d4I - Rotacvina - chuy\u00ean cung c\u1ea5p c\u00e1c s\u1ea3n ph\u1ea9m v\u00f2ng tr\u01b0\u1ee3t Slip Ring ch\u1ea5t l\u01b0\u1ee3ng cao\" \/>\n<meta property=\"og:description\" content=\"UnifyRobotics is a technology company aiming to deliver the latest robotics solutions to meet the practical needs of industrial factories, replacing humans in dangerous tasks through advanced robots. Our products range from robotic arms, industrial delivery and cleaning robots to industrial inspection robots. We value innovation and strive to create smart, reliable, and cost-effective solutions that enhance productivity and safety. By integrating cutting-edge technologies such as AI, computer vision, and autonomous navigation, we help businesses streamline operations and reduce risk. At UnifyRobotics, we are committed to building a safer, more efficient future through\" \/>\n<meta property=\"og:url\" content=\"https:\/\/trieu.halink.dev\/rotac\/gioi-thieu\/\" \/>\n<meta property=\"og:site_name\" content=\"Rotacvina - chuy\u00ean cung c\u1ea5p c\u00e1c s\u1ea3n ph\u1ea9m v\u00f2ng tr\u01b0\u1ee3t Slip Ring ch\u1ea5t l\u01b0\u1ee3ng cao\" \/>\n<meta property=\"article:modified_time\" content=\"2026-03-18T09:55:40+00:00\" \/>\n<meta property=\"og:image\" content=\"https:\/\/unifyenergy.vn\/wp-content\/uploads\/2025\/10\/Toa-Nha-UE_02_a.jpg\" \/>\n<meta name=\"twitter:card\" content=\"summary_large_image\" \/>\n<script type=\"application\/ld+json\" class=\"yoast-schema-graph\">{\"@context\":\"https:\/\/schema.org\",\"@graph\":[{\"@type\":\"Organization\",\"@id\":\"https:\/\/trieu.halink.dev\/rotac\/#organization\",\"name\":\"Copyright \\u00a9 2025 All Rights Reserved | Made by UNIFY ROBOTICS\",\"url\":\"https:\/\/trieu.halink.dev\/rotac\/\",\"sameAs\":[],\"logo\":{\"@type\":\"ImageObject\",\"@id\":\"https:\/\/trieu.halink.dev\/rotac\/#logo\",\"inLanguage\":\"vi\",\"url\":\"\",\"caption\":\"Copyright \\u00a9 2025 All Rights Reserved | Made by UNIFY ROBOTICS\"},\"image\":{\"@id\":\"https:\/\/trieu.halink.dev\/rotac\/#logo\"}},{\"@type\":\"WebSite\",\"@id\":\"https:\/\/trieu.halink.dev\/rotac\/#website\",\"url\":\"https:\/\/trieu.halink.dev\/rotac\/\",\"name\":\"Copyright \\u00a9 2025 All Rights Reserved | Made by UNIFY ROBOTICS\",\"description\":\"\",\"publisher\":{\"@id\":\"https:\/\/trieu.halink.dev\/rotac\/#organization\"},\"potentialAction\":[{\"@type\":\"SearchAction\",\"target\":\"https:\/\/trieu.halink.dev\/rotac\/?s={search_term_string}\",\"query-input\":\"required name=search_term_string\"}],\"inLanguage\":\"vi\"},{\"@type\":\"ImageObject\",\"@id\":\"https:\/\/trieu.halink.dev\/rotac\/gioi-thieu\/#primaryimage\",\"inLanguage\":\"vi\",\"url\":\"https:\/\/unifyenergy.vn\/wp-content\/uploads\/2025\/10\/Toa-Nha-UE_02_a.jpg\"},{\"@type\":\"WebPage\",\"@id\":\"https:\/\/trieu.halink.dev\/rotac\/gioi-thieu\/#webpage\",\"url\":\"https:\/\/trieu.halink.dev\/rotac\/gioi-thieu\/\",\"name\":\"V\\u1ec0 CH\\u00daNG T\\u00d4I - Rotacvina - chuy\\u00ean cung c\\u1ea5p c\\u00e1c s\\u1ea3n ph\\u1ea9m v\\u00f2ng tr\\u01b0\\u1ee3t Slip Ring ch\\u1ea5t l\\u01b0\\u1ee3ng cao\",\"isPartOf\":{\"@id\":\"https:\/\/trieu.halink.dev\/rotac\/#website\"},\"primaryImageOfPage\":{\"@id\":\"https:\/\/trieu.halink.dev\/rotac\/gioi-thieu\/#primaryimage\"},\"datePublished\":\"2024-01-16T07:38:08+00:00\",\"dateModified\":\"2026-03-18T09:55:40+00:00\",\"description\":\"UnifyRobotics is a technology company aiming to deliver the latest robotics solutions to meet the practical needs of industrial factories, replacing humans in dangerous tasks through advanced robots. Our products range from robotic arms, industrial delivery and cleaning robots to industrial inspection robots. We value innovation and strive to create smart, reliable, and cost-effective solutions that enhance productivity and safety. By integrating cutting-edge technologies such as AI, computer vision, and autonomous navigation, we help businesses streamline operations and reduce risk. At UnifyRobotics, we are committed to building a safer, more efficient future through\",\"breadcrumb\":{\"@id\":\"https:\/\/trieu.halink.dev\/rotac\/gioi-thieu\/#breadcrumb\"},\"inLanguage\":\"vi\",\"potentialAction\":[{\"@type\":\"ReadAction\",\"target\":[[\"https:\/\/trieu.halink.dev\/rotac\/gioi-thieu\/\"]]}]},{\"@type\":\"BreadcrumbList\",\"@id\":\"https:\/\/trieu.halink.dev\/rotac\/gioi-thieu\/#breadcrumb\",\"itemListElement\":[{\"@type\":\"ListItem\",\"position\":1,\"item\":{\"@type\":\"WebPage\",\"@id\":\"https:\/\/trieu.halink.dev\/rotac\/\",\"url\":\"https:\/\/trieu.halink.dev\/rotac\/\",\"name\":\"Trang ch\\u1ee7\"}},{\"@type\":\"ListItem\",\"position\":2,\"item\":{\"@type\":\"WebPage\",\"@id\":\"https:\/\/trieu.halink.dev\/rotac\/gioi-thieu\/\",\"url\":\"https:\/\/trieu.halink.dev\/rotac\/gioi-thieu\/\",\"name\":\"V\\u1ec0 CH\\u00daNG T\\u00d4I\"}}]}]}<\/script>\n<!-- \/ Yoast SEO plugin. -->","_links":{"self":[{"href":"https:\/\/trieu.halink.dev\/rotac\/wp-json\/wp\/v2\/pages\/221","targetHints":{"allow":["GET"]}}],"collection":[{"href":"https:\/\/trieu.halink.dev\/rotac\/wp-json\/wp\/v2\/pages"}],"about":[{"href":"https:\/\/trieu.halink.dev\/rotac\/wp-json\/wp\/v2\/types\/page"}],"author":[{"embeddable":true,"href":"https:\/\/trieu.halink.dev\/rotac\/wp-json\/wp\/v2\/users\/1"}],"replies":[{"embeddable":true,"href":"https:\/\/trieu.halink.dev\/rotac\/wp-json\/wp\/v2\/comments?post=221"}],"version-history":[{"count":60,"href":"https:\/\/trieu.halink.dev\/rotac\/wp-json\/wp\/v2\/pages\/221\/revisions"}],"predecessor-version":[{"id":2544,"href":"https:\/\/trieu.halink.dev\/rotac\/wp-json\/wp\/v2\/pages\/221\/revisions\/2544"}],"wp:attachment":[{"href":"https:\/\/trieu.halink.dev\/rotac\/wp-json\/wp\/v2\/media?parent=221"}],"curies":[{"name":"wp","href":"https:\/\/api.w.org\/{rel}","templated":true}]}}